{"id":20,"date":"2025-04-01T10:00:47","date_gmt":"2025-04-01T10:00:47","guid":{"rendered":"https:\/\/etxetxubarne.rkinformatika.online\/?page_id=20"},"modified":"2025-04-10T14:49:22","modified_gmt":"2025-04-10T14:49:22","slug":"inicio","status":"publish","type":"page","link":"https:\/\/etxetxubarne.es\/eu\/","title":{"rendered":"Hasiera"},"content":{"rendered":"<div data-elementor-type=\"wp-post\" data-elementor-id=\"20\" class=\"elementor elementor-20\" data-elementor-post-type=\"page\">\n\t\t\t\t<div class=\"elementor-element elementor-element-440be45 e-flex e-con-boxed e-con e-parent\" data-id=\"440be45\" data-element_type=\"container\" data-e-type=\"container\" data-settings=\"{&quot;background_background&quot;:&quot;classic&quot;}\">\n\t\t\t\t\t<div class=\"e-con-inner\">\n\t\t\t\t\t<\/div>\n\t\t\t\t<\/div>\n\t\t<div class=\"elementor-element elementor-element-85a33cd e-flex e-con-boxed e-con e-parent\" data-id=\"85a33cd\" data-element_type=\"container\" data-e-type=\"container\" data-settings=\"{&quot;background_background&quot;:&quot;classic&quot;}\">\n\t\t\t\t\t<div class=\"e-con-inner\">\n\t\t\t\t<div class=\"elementor-element elementor-element-a8d1cad elementor-widget elementor-widget-heading\" data-id=\"a8d1cad\" data-element_type=\"widget\" data-e-type=\"widget\" data-widget_type=\"heading.default\">\n\t\t\t\t<div class=\"elementor-widget-container\">\n\t\t\t\t\t<h2 class=\"elementor-heading-title elementor-size-default\">Nor garen<\/h2>\t\t\t\t<\/div>\n\t\t\t\t<\/div>\n\t\t\t\t\t<\/div>\n\t\t\t\t<\/div>\n\t\t<div class=\"elementor-element elementor-element-e0d1e1f e-flex e-con-boxed e-con e-parent\" data-id=\"e0d1e1f\" data-element_type=\"container\" data-e-type=\"container\">\n\t\t\t\t\t<div class=\"e-con-inner\">\n\t\t<div class=\"elementor-element elementor-element-eb033a0 e-con-full e-flex e-con e-child\" data-id=\"eb033a0\" data-element_type=\"container\" data-e-type=\"container\">\n\t\t\t\t<div class=\"elementor-element elementor-element-90109a0 elementor-widget__width-initial elementor-widget elementor-widget-image\" data-id=\"90109a0\" data-element_type=\"widget\" data-e-type=\"widget\" data-widget_type=\"image.default\">\n\t\t\t\t<div class=\"elementor-widget-container\">\n\t\t\t\t\t\t\t\t\t\t\t\t\t\t\t<img fetchpriority=\"high\" decoding=\"async\" width=\"1080\" height=\"810\" src=\"https:\/\/etxetxubarne.es\/wp-content\/uploads\/2025\/04\/disenadoras.jpg\" class=\"attachment-full size-full wp-image-102\" alt=\"\" srcset=\"https:\/\/etxetxubarne.es\/wp-content\/uploads\/2025\/04\/disenadoras.jpg 1080w, https:\/\/etxetxubarne.es\/wp-content\/uploads\/2025\/04\/disenadoras-300x225.jpg 300w, https:\/\/etxetxubarne.es\/wp-content\/uploads\/2025\/04\/disenadoras-1024x768.jpg 1024w, https:\/\/etxetxubarne.es\/wp-content\/uploads\/2025\/04\/disenadoras-768x576.jpg 768w, https:\/\/etxetxubarne.es\/wp-content\/uploads\/2025\/04\/disenadoras-16x12.jpg 16w\" sizes=\"(max-width: 1080px) 100vw, 1080px\" \/>\t\t\t\t\t\t\t\t\t\t\t\t\t\t\t<\/div>\n\t\t\t\t<\/div>\n\t\t\t\t<\/div>\n\t\t<div class=\"elementor-element elementor-element-027c0d1 e-con-full e-flex e-con e-child\" data-id=\"027c0d1\" data-element_type=\"container\" data-e-type=\"container\">\n\t\t\t\t<div class=\"elementor-element elementor-element-34fbf60 elementor-widget elementor-widget-text-editor\" data-id=\"34fbf60\" data-element_type=\"widget\" data-e-type=\"widget\" data-widget_type=\"text-editor.default\">\n\t\t\t\t<div class=\"elementor-widget-container\">\n\t\t\t\t\t\t\t\t\t<p>Etxetxu Barne Amorebietan (Bizkaia) dagoen diseinu eta dekorazio estudio bat da.<\/p><p>Diseinuaren eta lan onaren maitasunetik jaioak, beti bezeroarengan pentsatuz.<\/p><p>Interiorismoan adituak gara, gure pasioa da, urteek bermatzen gaituzte, barrualdeen birgaitzeetan eta era guztietako erreforma integraletan zein partzialetan esperientzia handia duen talde bat dugu.<\/p><p>Profesionalez osatutako ekipoak ditugu, zure etxea, merkataritza-lokala, taberna edo eraberritu behar duzuna pertsonalizatuta eta zure premien arabera gera dadin eta, horrela, behar duzun aldaketa lortzeko.<\/p><p>Eraldaketa prozesu osoan aholkatzen dizugu, proiektutik, gremioen koordinaziotik, obratik, altzarietatik, dekoraziotik eta behar duzun azken xehetasuneraino.<\/p><p>Ez ditugu gure ideiak bezeroengan behartu nahi, taldean lan egitea baizik.<\/p><p>Zure abenturarik onena hemen hasten da!<\/p>\t\t\t\t\t\t\t\t<\/div>\n\t\t\t\t<\/div>\n\t\t\t\t<\/div>\n\t\t\t\t\t<\/div>\n\t\t\t\t<\/div>\n\t\t<div class=\"elementor-element elementor-element-080445c e-flex e-con-boxed e-con e-parent\" data-id=\"080445c\" data-element_type=\"container\" data-e-type=\"container\">\n\t\t\t\t\t<div class=\"e-con-inner\">\n\t\t\t\t<div class=\"elementor-element elementor-element-65ae948 elementor-widget elementor-widget-shortcode\" data-id=\"65ae948\" data-element_type=\"widget\" data-e-type=\"widget\" data-widget_type=\"shortcode.default\">\n\t\t\t\t<div class=\"elementor-widget-container\">\n\t\t\t\t\t\t\t<div class=\"elementor-shortcode\"><pre class=\"ti-widget\"><template id=\"trustindex-google-widget-html\"><div class=\"ti-widget  ti-goog ti-review-text-mode-readmore ti-content-align-center\" data-no-translation=\"true\" data-plugin-version=\"13.2.8\" data-layout-id=\"36\" data-layout-category=\"slider\" data-set-id=\"drop-shadow\" data-pid=\"\" data-language=\"es\" data-close-locale=\"Cerca\" data-review-target-width=\"300\" data-css-version=\"2\" data-reply-by-locale=\"Respuesta del propietario\" data-only-rating-locale=\"Esta usuario solo dej\u00f3 una calificaci\u00f3n.\" data-pager-autoplay-timeout=\"6\"> <div class=\"ti-widget-container ti-col-3\"> <div class=\"ti-reviews-container\"> <div class=\"ti-controls\"> <div class=\"ti-next\" aria-label=\"Siguiente rese\u00f1a\" role=\"button\" tabindex=\"0\"><\/div> <div class=\"ti-prev\" aria-label=\"Rese\u00f1a anterior\" role=\"button\" tabindex=\"0\"><\/div> <\/div> <div class=\"ti-reviews-container-wrapper\">  <div data-empty=\"0\" class=\"ti-review-item source-Google ti-image-layout-thumbnail\" data-id=\"cfcd208495d565ef66e7dff9f98764da\"> <div class=\"ti-inner\"> <div class=\"ti-review-header\"> <trustindex-image class=\"ti-platform-icon\" data-imgurl=\"https:\/\/cdn.trustindex.io\/assets\/platform\/Google\/icon.svg\" alt=\"\" width=\"20\" height=\"20\" loading=\"lazy\"><\/trustindex-image> <div class=\"ti-profile-img\"> <trustindex-image data-imgurl=\"https:\/\/lh3.googleusercontent.com\/a\/ACg8ocI8AaSMPsSB5iQ0LfqAo2E-aF-1w2TvLsfWlLy0Rd7DtIwQOQ=w64-h64-c-rp-mo-br100\" alt=\"Maria Bego\u00f1a Gallo Macias profile picture\" loading=\"lazy\"><\/trustindex-image> <\/div> <div class=\"ti-profile-details\"> <div class=\"ti-name\"> Maria Bego\u00f1a Gallo Macias <\/div> <div class=\"ti-date\">19\/02\/2024<\/div> <\/div> <\/div> <span class=\"ti-stars\"><trustindex-image class=\"ti-star\" data-imgurl=\"https:\/\/cdn.trustindex.io\/assets\/platform\/Google\/star\/f.svg\" alt=\"Google\" width=\"17\" height=\"17\" loading=\"lazy\"><\/trustindex-image><trustindex-image class=\"ti-star\" data-imgurl=\"https:\/\/cdn.trustindex.io\/assets\/platform\/Google\/star\/f.svg\" alt=\"Google\" width=\"17\" height=\"17\" loading=\"lazy\"><\/trustindex-image><trustindex-image class=\"ti-star\" data-imgurl=\"https:\/\/cdn.trustindex.io\/assets\/platform\/Google\/star\/f.svg\" alt=\"Google\" width=\"17\" height=\"17\" loading=\"lazy\"><\/trustindex-image><trustindex-image class=\"ti-star\" data-imgurl=\"https:\/\/cdn.trustindex.io\/assets\/platform\/Google\/star\/f.svg\" alt=\"Google\" width=\"17\" height=\"17\" loading=\"lazy\"><\/trustindex-image><trustindex-image class=\"ti-star\" data-imgurl=\"https:\/\/cdn.trustindex.io\/assets\/platform\/Google\/star\/f.svg\" alt=\"Google\" width=\"17\" height=\"17\" loading=\"lazy\"><\/trustindex-image><span class=\"ti-verified-review ti-verified-platform\"><span class=\"ti-verified-tooltip\">Trustindex verifica que la fuente original de la rese\u00f1a sea Google.<\/span><\/span><\/span> <div class=\"ti-review-text-container ti-review-content\"><!-- R-CONTENT -->Estoy muy contenta con el servicio prestado por las chicas de Etxetxu donde he comprado varios muebles y estores enrollables para toda la casa. Ellas me aconsejaron muy bien y fueron muy atentas, eficientes y amables durante todo el proceso. Las estoy muy agradecidas por toda su ayuda.<!-- R-CONTENT --><\/div> <span class=\"ti-read-more\" data-container=\".ti-review-content\" data-collapse-text=\"Ocultar\" data-open-text=\"Leer m\u00e1s\"><\/span> <\/div> <\/div>  <div data-empty=\"0\" class=\"ti-review-item source-Google ti-image-layout-thumbnail\" data-id=\"cfcd208495d565ef66e7dff9f98764da\"> <div class=\"ti-inner\"> <div class=\"ti-review-header\"> <trustindex-image class=\"ti-platform-icon\" data-imgurl=\"https:\/\/cdn.trustindex.io\/assets\/platform\/Google\/icon.svg\" alt=\"\" width=\"20\" height=\"20\" loading=\"lazy\"><\/trustindex-image> <div class=\"ti-profile-img\"> <trustindex-image data-imgurl=\"https:\/\/lh3.googleusercontent.com\/a\/ACg8ocKmkm0Xn7DoJwZtdOTHHA3Z8QnBtI7U8hwMk0sEPQND2rRynQ=w64-h64-c-rp-mo-br100\" alt=\"Ana Inda profile picture\" loading=\"lazy\"><\/trustindex-image> <\/div> <div class=\"ti-profile-details\"> <div class=\"ti-name\"> Ana Inda <\/div> <div class=\"ti-date\">08\/02\/2024<\/div> <\/div> <\/div> <span class=\"ti-stars\"><trustindex-image class=\"ti-star\" data-imgurl=\"https:\/\/cdn.trustindex.io\/assets\/platform\/Google\/star\/f.svg\" alt=\"Google\" width=\"17\" height=\"17\" loading=\"lazy\"><\/trustindex-image><trustindex-image class=\"ti-star\" data-imgurl=\"https:\/\/cdn.trustindex.io\/assets\/platform\/Google\/star\/f.svg\" alt=\"Google\" width=\"17\" height=\"17\" loading=\"lazy\"><\/trustindex-image><trustindex-image class=\"ti-star\" data-imgurl=\"https:\/\/cdn.trustindex.io\/assets\/platform\/Google\/star\/f.svg\" alt=\"Google\" width=\"17\" height=\"17\" loading=\"lazy\"><\/trustindex-image><trustindex-image class=\"ti-star\" data-imgurl=\"https:\/\/cdn.trustindex.io\/assets\/platform\/Google\/star\/f.svg\" alt=\"Google\" width=\"17\" height=\"17\" loading=\"lazy\"><\/trustindex-image><trustindex-image class=\"ti-star\" data-imgurl=\"https:\/\/cdn.trustindex.io\/assets\/platform\/Google\/star\/f.svg\" alt=\"Google\" width=\"17\" height=\"17\" loading=\"lazy\"><\/trustindex-image><span class=\"ti-verified-review ti-verified-platform\"><span class=\"ti-verified-tooltip\">Trustindex verifica que la fuente original de la rese\u00f1a sea Google.<\/span><\/span><\/span> <div class=\"ti-review-text-container ti-review-content\"><!-- R-CONTENT -->Encantadisima tanto con el trato como con todo el trabajo realizado.\nProfesionales\nMateriales de mucha calidad\n\nProfesionales<!-- R-CONTENT --><\/div> <span class=\"ti-read-more\" data-container=\".ti-review-content\" data-collapse-text=\"Ocultar\" data-open-text=\"Leer m\u00e1s\"><\/span> <\/div> <\/div>  <div data-empty=\"0\" class=\"ti-review-item source-Google ti-image-layout-thumbnail\" data-id=\"cfcd208495d565ef66e7dff9f98764da\"> <div class=\"ti-inner\"> <div class=\"ti-review-header\"> <trustindex-image class=\"ti-platform-icon\" data-imgurl=\"https:\/\/cdn.trustindex.io\/assets\/platform\/Google\/icon.svg\" alt=\"\" width=\"20\" height=\"20\" loading=\"lazy\"><\/trustindex-image> <div class=\"ti-profile-img\"> <trustindex-image data-imgurl=\"https:\/\/lh3.googleusercontent.com\/a\/ACg8ocLOo1EXHKBXncmC7dGX66vqr7HfgSPxi1RxouJ1Ppei0QkJkw=w64-h64-c-rp-mo-br100\" alt=\"Ana Capelastegui profile picture\" loading=\"lazy\"><\/trustindex-image> <\/div> <div class=\"ti-profile-details\"> <div class=\"ti-name\"> Ana Capelastegui <\/div> <div class=\"ti-date\">08\/10\/2023<\/div> <\/div> <\/div> <span class=\"ti-stars\"><trustindex-image class=\"ti-star\" data-imgurl=\"https:\/\/cdn.trustindex.io\/assets\/platform\/Google\/star\/f.svg\" alt=\"Google\" width=\"17\" height=\"17\" loading=\"lazy\"><\/trustindex-image><trustindex-image class=\"ti-star\" data-imgurl=\"https:\/\/cdn.trustindex.io\/assets\/platform\/Google\/star\/f.svg\" alt=\"Google\" width=\"17\" height=\"17\" loading=\"lazy\"><\/trustindex-image><trustindex-image class=\"ti-star\" data-imgurl=\"https:\/\/cdn.trustindex.io\/assets\/platform\/Google\/star\/f.svg\" alt=\"Google\" width=\"17\" height=\"17\" loading=\"lazy\"><\/trustindex-image><trustindex-image class=\"ti-star\" data-imgurl=\"https:\/\/cdn.trustindex.io\/assets\/platform\/Google\/star\/f.svg\" alt=\"Google\" width=\"17\" height=\"17\" loading=\"lazy\"><\/trustindex-image><trustindex-image class=\"ti-star\" data-imgurl=\"https:\/\/cdn.trustindex.io\/assets\/platform\/Google\/star\/f.svg\" alt=\"Google\" width=\"17\" height=\"17\" loading=\"lazy\"><\/trustindex-image><span class=\"ti-verified-review ti-verified-platform\"><span class=\"ti-verified-tooltip\">Trustindex verifica que la fuente original de la rese\u00f1a sea Google.<\/span><\/span><\/span> <div class=\"ti-review-text-container ti-review-content\"><!-- R-CONTENT -->Estamos muy contentos, muy buena atenci\u00f3n.<!-- R-CONTENT --><\/div> <span class=\"ti-read-more\" data-container=\".ti-review-content\" data-collapse-text=\"Ocultar\" data-open-text=\"Leer m\u00e1s\"><\/span> <\/div> <\/div>  <div data-empty=\"0\" class=\"ti-review-item source-Google ti-image-layout-thumbnail\" data-id=\"cfcd208495d565ef66e7dff9f98764da\"> <div class=\"ti-inner\"> <div class=\"ti-review-header\"> <trustindex-image class=\"ti-platform-icon\" data-imgurl=\"https:\/\/cdn.trustindex.io\/assets\/platform\/Google\/icon.svg\" alt=\"\" width=\"20\" height=\"20\" loading=\"lazy\"><\/trustindex-image> <div class=\"ti-profile-img\"> <trustindex-image data-imgurl=\"https:\/\/lh3.googleusercontent.com\/a\/ACg8ocJCD0c6OhmGvUKaGJPlgJ0mCYDwHgHMgIuyIwqRYLSYh3lAjdY=w64-h64-c-rp-mo-br100\" alt=\"Ion K profile picture\" loading=\"lazy\"><\/trustindex-image> <\/div> <div class=\"ti-profile-details\"> <div class=\"ti-name\"> Ion K <\/div> <div class=\"ti-date\">11\/05\/2022<\/div> <\/div> <\/div> <span class=\"ti-stars\"><trustindex-image class=\"ti-star\" data-imgurl=\"https:\/\/cdn.trustindex.io\/assets\/platform\/Google\/star\/f.svg\" alt=\"Google\" width=\"17\" height=\"17\" loading=\"lazy\"><\/trustindex-image><trustindex-image class=\"ti-star\" data-imgurl=\"https:\/\/cdn.trustindex.io\/assets\/platform\/Google\/star\/f.svg\" alt=\"Google\" width=\"17\" height=\"17\" loading=\"lazy\"><\/trustindex-image><trustindex-image class=\"ti-star\" data-imgurl=\"https:\/\/cdn.trustindex.io\/assets\/platform\/Google\/star\/f.svg\" alt=\"Google\" width=\"17\" height=\"17\" loading=\"lazy\"><\/trustindex-image><trustindex-image class=\"ti-star\" data-imgurl=\"https:\/\/cdn.trustindex.io\/assets\/platform\/Google\/star\/f.svg\" alt=\"Google\" width=\"17\" height=\"17\" loading=\"lazy\"><\/trustindex-image><trustindex-image class=\"ti-star\" data-imgurl=\"https:\/\/cdn.trustindex.io\/assets\/platform\/Google\/star\/f.svg\" alt=\"Google\" width=\"17\" height=\"17\" loading=\"lazy\"><\/trustindex-image><span class=\"ti-verified-review ti-verified-platform\"><span class=\"ti-verified-tooltip\">Trustindex verifica que la fuente original de la rese\u00f1a sea Google.<\/span><\/span><\/span> <div class=\"ti-review-text-container ti-review-content\"><!-- R-CONTENT -->Muy profesionales y excelente trato. Hemos quedado tan contentos con la reforma de la cocina, que terminaremos por reformar el resto de la casa.<!-- R-CONTENT --><\/div> <span class=\"ti-read-more\" data-container=\".ti-review-content\" data-collapse-text=\"Ocultar\" data-open-text=\"Leer m\u00e1s\"><\/span> <\/div> <\/div>  <\/div> <div class=\"ti-controls-line\"> <div class=\"dot\"><\/div> <\/div> <\/div>    <\/div> <\/div> <\/template><\/pre><div data-src=\"https:\/\/cdn.trustindex.io\/loader.js?wp-widget\" data-template-id=\"trustindex-google-widget-html\" data-css-url=\"https:\/\/etxetxubarne.es\/wp-content\/uploads\/trustindex-google-widget.css?1774342849\"><\/div>\n<\/div>\n\t\t\t\t\t\t<\/div>\n\t\t\t\t<\/div>\n\t\t\t\t\t<\/div>\n\t\t\t\t<\/div>\n\t\t\t\t<\/div>","protected":false},"excerpt":{"rendered":"<p>Qui\u00e9nes somos Etxetxu Barne es un estudio de dise\u00f1o y decoraci\u00f3n situado en Amorebieta (Bizkaia). Nacidos desde el amor por el dise\u00f1o y el buen hacer, siempre pensando en el cliente. Somos especialistas en interiorismo, es nuestra pasi\u00f3n, los a\u00f1os nos avalan, contamos con un equipo con gran experiencia en las rehabilitaciones de interiores y [&hellip;]<\/p>\n","protected":false},"author":1,"featured_media":0,"parent":0,"menu_order":0,"comment_status":"closed","ping_status":"closed","template":"elementor_canvas","meta":{"footnotes":""},"class_list":["post-20","page","type-page","status-publish","hentry"],"yoast_head":"<!-- This site is optimized with the Yoast SEO plugin v27.3 - https:\/\/yoast.com\/product\/yoast-seo-wordpress\/ -->\n<title>Inicio - etxetxubarne<\/title>\n<meta name=\"robots\" content=\"index, follow, max-snippet:-1, max-image-preview:large, max-video-preview:-1\" \/>\n<link rel=\"canonical\" href=\"https:\/\/etxetxubarne.es\/eu\/\" \/>\n<meta property=\"og:locale\" content=\"en_US\" \/>\n<meta property=\"og:type\" content=\"article\" \/>\n<meta property=\"og:title\" content=\"Inicio - etxetxubarne\" \/>\n<meta property=\"og:description\" content=\"Qui\u00e9nes somos Etxetxu Barne es un estudio de dise\u00f1o y decoraci\u00f3n situado en Amorebieta (Bizkaia). Nacidos desde el amor por el dise\u00f1o y el buen hacer, siempre pensando en el cliente. Somos especialistas en interiorismo, es nuestra pasi\u00f3n, los a\u00f1os nos avalan, contamos con un equipo con gran experiencia en las rehabilitaciones de interiores y [&hellip;]\" \/>\n<meta property=\"og:url\" content=\"https:\/\/etxetxubarne.es\/eu\/\" \/>\n<meta property=\"og:site_name\" content=\"etxetxubarne\" \/>\n<meta property=\"article:modified_time\" content=\"2025-04-10T14:49:22+00:00\" \/>\n<meta property=\"og:image\" content=\"https:\/\/etxetxubarne.es\/wp-content\/uploads\/2025\/04\/disenadoras.jpg\" \/>\n<meta name=\"twitter:card\" content=\"summary_large_image\" \/>\n<meta name=\"twitter:label1\" content=\"Est. reading time\" \/>\n\t<meta name=\"twitter:data1\" content=\"1 minutua\" \/>\n<script type=\"application\/ld+json\" class=\"yoast-schema-graph\">{\"@context\":\"https:\\\/\\\/schema.org\",\"@graph\":[{\"@type\":\"WebPage\",\"@id\":\"https:\\\/\\\/etxetxubarne.es\\\/\",\"url\":\"https:\\\/\\\/etxetxubarne.es\\\/\",\"name\":\"Inicio - etxetxubarne\",\"isPartOf\":{\"@id\":\"https:\\\/\\\/etxetxubarne.es\\\/#website\"},\"primaryImageOfPage\":{\"@id\":\"https:\\\/\\\/etxetxubarne.es\\\/#primaryimage\"},\"image\":{\"@id\":\"https:\\\/\\\/etxetxubarne.es\\\/#primaryimage\"},\"thumbnailUrl\":\"https:\\\/\\\/etxetxubarne.es\\\/wp-content\\\/uploads\\\/2025\\\/04\\\/disenadoras.jpg\",\"datePublished\":\"2025-04-01T10:00:47+00:00\",\"dateModified\":\"2025-04-10T14:49:22+00:00\",\"breadcrumb\":{\"@id\":\"https:\\\/\\\/etxetxubarne.es\\\/#breadcrumb\"},\"inLanguage\":\"eu\",\"potentialAction\":[{\"@type\":\"ReadAction\",\"target\":[\"https:\\\/\\\/etxetxubarne.es\\\/\"]}]},{\"@type\":\"ImageObject\",\"inLanguage\":\"eu\",\"@id\":\"https:\\\/\\\/etxetxubarne.es\\\/#primaryimage\",\"url\":\"https:\\\/\\\/etxetxubarne.es\\\/wp-content\\\/uploads\\\/2025\\\/04\\\/disenadoras.jpg\",\"contentUrl\":\"https:\\\/\\\/etxetxubarne.es\\\/wp-content\\\/uploads\\\/2025\\\/04\\\/disenadoras.jpg\"},{\"@type\":\"BreadcrumbList\",\"@id\":\"https:\\\/\\\/etxetxubarne.es\\\/#breadcrumb\",\"itemListElement\":[{\"@type\":\"ListItem\",\"position\":1,\"name\":\"Portada\",\"item\":\"https:\\\/\\\/etxetxubarne.es\\\/\"},{\"@type\":\"ListItem\",\"position\":2,\"name\":\"Inicio\"}]},{\"@type\":\"WebSite\",\"@id\":\"https:\\\/\\\/etxetxubarne.es\\\/#website\",\"url\":\"https:\\\/\\\/etxetxubarne.es\\\/\",\"name\":\"etxetxubarne\",\"description\":\"Estudio de dise\u00f1o y decoraci\u00f3n\",\"publisher\":{\"@id\":\"https:\\\/\\\/etxetxubarne.es\\\/#organization\"},\"potentialAction\":[{\"@type\":\"SearchAction\",\"target\":{\"@type\":\"EntryPoint\",\"urlTemplate\":\"https:\\\/\\\/etxetxubarne.es\\\/?s={search_term_string}\"},\"query-input\":{\"@type\":\"PropertyValueSpecification\",\"valueRequired\":true,\"valueName\":\"search_term_string\"}}],\"inLanguage\":\"eu\"},{\"@type\":\"Organization\",\"@id\":\"https:\\\/\\\/etxetxubarne.es\\\/#organization\",\"name\":\"etxetxubarne\",\"url\":\"https:\\\/\\\/etxetxubarne.es\\\/\",\"logo\":{\"@type\":\"ImageObject\",\"inLanguage\":\"eu\",\"@id\":\"https:\\\/\\\/etxetxubarne.es\\\/#\\\/schema\\\/logo\\\/image\\\/\",\"url\":\"https:\\\/\\\/etxetxubarne.es\\\/wp-content\\\/uploads\\\/2025\\\/04\\\/cropped-logo-etxetxubarne-branco-03.png\",\"contentUrl\":\"https:\\\/\\\/etxetxubarne.es\\\/wp-content\\\/uploads\\\/2025\\\/04\\\/cropped-logo-etxetxubarne-branco-03.png\",\"width\":1079,\"height\":820,\"caption\":\"etxetxubarne\"},\"image\":{\"@id\":\"https:\\\/\\\/etxetxubarne.es\\\/#\\\/schema\\\/logo\\\/image\\\/\"}}]}<\/script>\n<!-- \/ Yoast SEO plugin. -->","yoast_head_json":{"title":"Inicio - etxetxubarne","robots":{"index":"index","follow":"follow","max-snippet":"max-snippet:-1","max-image-preview":"max-image-preview:large","max-video-preview":"max-video-preview:-1"},"canonical":"https:\/\/etxetxubarne.es\/eu\/","og_locale":"en_US","og_type":"article","og_title":"Inicio - etxetxubarne","og_description":"Qui\u00e9nes somos Etxetxu Barne es un estudio de dise\u00f1o y decoraci\u00f3n situado en Amorebieta (Bizkaia). Nacidos desde el amor por el dise\u00f1o y el buen hacer, siempre pensando en el cliente. Somos especialistas en interiorismo, es nuestra pasi\u00f3n, los a\u00f1os nos avalan, contamos con un equipo con gran experiencia en las rehabilitaciones de interiores y [&hellip;]","og_url":"https:\/\/etxetxubarne.es\/eu\/","og_site_name":"etxetxubarne","article_modified_time":"2025-04-10T14:49:22+00:00","og_image":[{"url":"https:\/\/etxetxubarne.es\/wp-content\/uploads\/2025\/04\/disenadoras.jpg","type":"","width":"","height":""}],"twitter_card":"summary_large_image","twitter_misc":{"Est. reading time":"1 minutua"},"schema":{"@context":"https:\/\/schema.org","@graph":[{"@type":"WebPage","@id":"https:\/\/etxetxubarne.es\/","url":"https:\/\/etxetxubarne.es\/","name":"Inicio - etxetxubarne","isPartOf":{"@id":"https:\/\/etxetxubarne.es\/#website"},"primaryImageOfPage":{"@id":"https:\/\/etxetxubarne.es\/#primaryimage"},"image":{"@id":"https:\/\/etxetxubarne.es\/#primaryimage"},"thumbnailUrl":"https:\/\/etxetxubarne.es\/wp-content\/uploads\/2025\/04\/disenadoras.jpg","datePublished":"2025-04-01T10:00:47+00:00","dateModified":"2025-04-10T14:49:22+00:00","breadcrumb":{"@id":"https:\/\/etxetxubarne.es\/#breadcrumb"},"inLanguage":"eu","potentialAction":[{"@type":"ReadAction","target":["https:\/\/etxetxubarne.es\/"]}]},{"@type":"ImageObject","inLanguage":"eu","@id":"https:\/\/etxetxubarne.es\/#primaryimage","url":"https:\/\/etxetxubarne.es\/wp-content\/uploads\/2025\/04\/disenadoras.jpg","contentUrl":"https:\/\/etxetxubarne.es\/wp-content\/uploads\/2025\/04\/disenadoras.jpg"},{"@type":"BreadcrumbList","@id":"https:\/\/etxetxubarne.es\/#breadcrumb","itemListElement":[{"@type":"ListItem","position":1,"name":"Portada","item":"https:\/\/etxetxubarne.es\/"},{"@type":"ListItem","position":2,"name":"Inicio"}]},{"@type":"WebSite","@id":"https:\/\/etxetxubarne.es\/#website","url":"https:\/\/etxetxubarne.es\/","name":"etxetxubarne","description":"Estudio de dise\u00f1o y decoraci\u00f3n","publisher":{"@id":"https:\/\/etxetxubarne.es\/#organization"},"potentialAction":[{"@type":"SearchAction","target":{"@type":"EntryPoint","urlTemplate":"https:\/\/etxetxubarne.es\/?s={search_term_string}"},"query-input":{"@type":"PropertyValueSpecification","valueRequired":true,"valueName":"search_term_string"}}],"inLanguage":"eu"},{"@type":"Organization","@id":"https:\/\/etxetxubarne.es\/#organization","name":"etxetxubarne","url":"https:\/\/etxetxubarne.es\/","logo":{"@type":"ImageObject","inLanguage":"eu","@id":"https:\/\/etxetxubarne.es\/#\/schema\/logo\/image\/","url":"https:\/\/etxetxubarne.es\/wp-content\/uploads\/2025\/04\/cropped-logo-etxetxubarne-branco-03.png","contentUrl":"https:\/\/etxetxubarne.es\/wp-content\/uploads\/2025\/04\/cropped-logo-etxetxubarne-branco-03.png","width":1079,"height":820,"caption":"etxetxubarne"},"image":{"@id":"https:\/\/etxetxubarne.es\/#\/schema\/logo\/image\/"}}]}},"_links":{"self":[{"href":"https:\/\/etxetxubarne.es\/eu\/wp-json\/wp\/v2\/pages\/20","targetHints":{"allow":["GET"]}}],"collection":[{"href":"https:\/\/etxetxubarne.es\/eu\/wp-json\/wp\/v2\/pages"}],"about":[{"href":"https:\/\/etxetxubarne.es\/eu\/wp-json\/wp\/v2\/types\/page"}],"author":[{"embeddable":true,"href":"https:\/\/etxetxubarne.es\/eu\/wp-json\/wp\/v2\/users\/1"}],"replies":[{"embeddable":true,"href":"https:\/\/etxetxubarne.es\/eu\/wp-json\/wp\/v2\/comments?post=20"}],"version-history":[{"count":92,"href":"https:\/\/etxetxubarne.es\/eu\/wp-json\/wp\/v2\/pages\/20\/revisions"}],"predecessor-version":[{"id":1069,"href":"https:\/\/etxetxubarne.es\/eu\/wp-json\/wp\/v2\/pages\/20\/revisions\/1069"}],"wp:attachment":[{"href":"https:\/\/etxetxubarne.es\/eu\/wp-json\/wp\/v2\/media?parent=20"}],"curies":[{"name":"wp","href":"https:\/\/api.w.org\/{rel}","templated":true}]}}